{"id":35,"date":"2020-06-16T17:51:46","date_gmt":"2020-06-16T17:51:46","guid":{"rendered":"https:\/\/www.joyeriaolaz.es\/?page_id=35"},"modified":"2022-06-17T13:56:58","modified_gmt":"2022-06-17T13:56:58","slug":"sobre-nosotros","status":"publish","type":"page","link":"https:\/\/www.joyeriaolaz.es\/?page_id=35","title":{"rendered":"Nosotros"},"content":{"rendered":"\t\t<div data-elementor-type=\"wp-page\" data-elementor-id=\"35\" class=\"elementor elementor-35\">\n\t\t\t\t\t\t<section class=\"elementor-section elementor-top-section elementor-element elementor-element-62d47e05 elementor-section-content-middle elementor-section-full_width elementor-section-height-default elementor-section-height-default\" data-id=\"62d47e05\" data-element_type=\"section\" data-e-type=\"section\" data-settings=\"{&quot;background_background&quot;:&quot;slideshow&quot;,&quot;background_slideshow_gallery&quot;:[],&quot;background_slideshow_loop&quot;:&quot;yes&quot;,&quot;background_slideshow_slide_duration&quot;:5000,&quot;background_slideshow_slide_transition&quot;:&quot;fade&quot;,&quot;background_slideshow_transition_duration&quot;:500}\">\n\t\t\t\t\t\t<div class=\"elementor-container elementor-column-gap-no\">\n\t\t\t\t\t<div class=\"elementor-column elementor-col-100 elementor-top-column elementor-element elementor-element-6868ac6a\" data-id=\"6868ac6a\" data-element_type=\"column\" data-e-type=\"column\">\n\t\t\t<div class=\"elementor-widget-wrap elementor-element-populated\">\n\t\t\t\t\t\t<div class=\"elementor-element elementor-element-34bebbd elementor-widget elementor-widget-spacer\" data-id=\"34bebbd\" data-element_type=\"widget\" data-e-type=\"widget\" data-widget_type=\"spacer.default\">\n\t\t\t\t<div class=\"elementor-widget-container\">\n\t\t\t\t\t\t\t<div class=\"elementor-spacer\">\n\t\t\t<div class=\"elementor-spacer-inner\"><\/div>\n\t\t<\/div>\n\t\t\t\t\t\t<\/div>\n\t\t\t\t<\/div>\n\t\t\t\t<div class=\"elementor-element elementor-element-f0f82aa elementor-widget elementor-widget-heading\" data-id=\"f0f82aa\" data-element_type=\"widget\" data-e-type=\"widget\" data-settings=\"{&quot;_animation&quot;:&quot;none&quot;}\" data-widget_type=\"heading.default\">\n\t\t\t\t<div class=\"elementor-widget-container\">\n\t\t\t\t\t<h1 class=\"elementor-heading-title elementor-size-default\">Somos un equipo de joyeros artesanos con a\u00f1os de experiencia en el dise\u00f1o y la fundici\u00f3n de joyas.<\/h1>\t\t\t\t<\/div>\n\t\t\t\t<\/div>\n\t\t\t\t<div class=\"elementor-element elementor-element-3f8099c elementor-widget elementor-widget-spacer\" data-id=\"3f8099c\" data-element_type=\"widget\" data-e-type=\"widget\" data-widget_type=\"spacer.default\">\n\t\t\t\t<div class=\"elementor-widget-container\">\n\t\t\t\t\t\t\t<div class=\"elementor-spacer\">\n\t\t\t<div class=\"elementor-spacer-inner\"><\/div>\n\t\t<\/div>\n\t\t\t\t\t\t<\/div>\n\t\t\t\t<\/div>\n\t\t\t\t\t<\/div>\n\t\t<\/div>\n\t\t\t\t\t<\/div>\n\t\t<\/section>\n\t\t\t\t<section class=\"elementor-section elementor-top-section elementor-element elementor-element-aed2943 elementor-section-boxed elementor-section-height-default elementor-section-height-default\" data-id=\"aed2943\" data-element_type=\"section\" data-e-type=\"section\">\n\t\t\t\t\t\t<div class=\"elementor-container elementor-column-gap-default\">\n\t\t\t\t\t<div class=\"elementor-column elementor-col-50 elementor-top-column elementor-element elementor-element-cea585d\" data-id=\"cea585d\" data-element_type=\"column\" data-e-type=\"column\">\n\t\t\t<div class=\"elementor-widget-wrap elementor-element-populated\">\n\t\t\t\t\t\t<div class=\"elementor-element elementor-element-b075a4e elementor-widget__width-initial elementor-widget elementor-widget-image\" data-id=\"b075a4e\" data-element_type=\"widget\" data-e-type=\"widget\" data-widget_type=\"image.default\">\n\t\t\t\t<div class=\"elementor-widget-container\">\n\t\t\t\t\t\t\t\t\t\t\t\t\t\t\t<img fetchpriority=\"high\" decoding=\"async\" width=\"1024\" height=\"718\" src=\"https:\/\/www.joyeriaolaz.es\/wp-content\/uploads\/2020\/06\/abuelo-1024x718.png\" class=\"attachment-large size-large wp-image-84\" alt=\"joyeria olaz\" srcset=\"https:\/\/www.joyeriaolaz.es\/wp-content\/uploads\/2020\/06\/abuelo-1024x718.png 1024w, https:\/\/www.joyeriaolaz.es\/wp-content\/uploads\/2020\/06\/abuelo-300x210.png 300w, https:\/\/www.joyeriaolaz.es\/wp-content\/uploads\/2020\/06\/abuelo-768x538.png 768w, https:\/\/www.joyeriaolaz.es\/wp-content\/uploads\/2020\/06\/abuelo-600x421.png 600w, https:\/\/www.joyeriaolaz.es\/wp-content\/uploads\/2020\/06\/abuelo.png 1160w\" sizes=\"(max-width: 1024px) 100vw, 1024px\" \/>\t\t\t\t\t\t\t\t\t\t\t\t\t\t\t<\/div>\n\t\t\t\t<\/div>\n\t\t\t\t\t<\/div>\n\t\t<\/div>\n\t\t\t\t<div class=\"elementor-column elementor-col-50 elementor-top-column elementor-element elementor-element-0b33c8d\" data-id=\"0b33c8d\" data-element_type=\"column\" data-e-type=\"column\">\n\t\t\t<div class=\"elementor-widget-wrap elementor-element-populated\">\n\t\t\t\t\t\t<div class=\"elementor-element elementor-element-6bf2cba elementor-widget__width-initial elementor-widget elementor-widget-text-editor\" data-id=\"6bf2cba\" data-element_type=\"widget\" data-e-type=\"widget\" data-widget_type=\"text-editor.default\">\n\t\t\t\t<div class=\"elementor-widget-container\">\n\t\t\t\t\t\t\t\t\t<p>Cuando recordamos a nuestro padre, Javier Fuertes, el silencio sonr\u00ede. Probablemente un c\u00f3digo familiar, el recuerdo de un hombre que con apenas catorce a\u00f1os (1948) se afanaba en aprender el oficio de orfebrer\u00eda.<\/p><p>JOYER\u00cdA OLAZ abri\u00f3 sus puertas en 1960, cuando nuestros padres, Javier y Rosario, apostaban por una ilusi\u00f3n com\u00fan. La huella imprime car\u00e1cter y ellos no pudieron mas que transmitirnos su pasi\u00f3n y respeto por \u00e9sta profesi\u00f3n.<\/p><p>Hoy su legado es nuestra forma de vida y nuestra responsabilidad, donde continuamos con toda ilusi\u00f3n ofreciendo nuestra experiencia y servicio a amigos y clientes. Nuestra casa es vuestra casa.<\/p><p>Bienvenidos a JOYERIA OLAZ.<\/p><p>Familia Fuertes-Arruti<\/p>\t\t\t\t\t\t\t\t<\/div>\n\t\t\t\t<\/div>\n\t\t\t\t\t<\/div>\n\t\t<\/div>\n\t\t\t\t\t<\/div>\n\t\t<\/section>\n\t\t\t\t<section class=\"elementor-section elementor-top-section elementor-element elementor-element-59cc28d1 elementor-section-content-middle elementor-section-boxed elementor-section-height-default elementor-section-height-default\" data-id=\"59cc28d1\" data-element_type=\"section\" data-e-type=\"section\" data-settings=\"{&quot;background_background&quot;:&quot;classic&quot;}\">\n\t\t\t\t\t\t<div class=\"elementor-container elementor-column-gap-no\">\n\t\t\t\t\t<div class=\"elementor-column elementor-col-50 elementor-top-column elementor-element elementor-element-691b7316\" data-id=\"691b7316\" data-element_type=\"column\" data-e-type=\"column\">\n\t\t\t<div class=\"elementor-widget-wrap elementor-element-populated\">\n\t\t\t\t\t\t<div class=\"elementor-element elementor-element-4c3aac19 elementor-widget elementor-widget-image-box\" data-id=\"4c3aac19\" data-element_type=\"widget\" data-e-type=\"widget\" data-widget_type=\"image-box.default\">\n\t\t\t\t<div class=\"elementor-widget-container\">\n\t\t\t\t\t<div class=\"elementor-image-box-wrapper\"><div class=\"elementor-image-box-content\"><h3 class=\"elementor-image-box-title\">Irune Fuertes<\/h3><p class=\"elementor-image-box-description\">CEO<\/p><\/div><\/div>\t\t\t\t<\/div>\n\t\t\t\t<\/div>\n\t\t\t\t<div class=\"elementor-element elementor-element-5c8976fc elementor-widget elementor-widget-text-editor\" data-id=\"5c8976fc\" data-element_type=\"widget\" data-e-type=\"widget\" data-widget_type=\"text-editor.default\">\n\t\t\t\t<div class=\"elementor-widget-container\">\n\t\t\t\t\t\t\t\t\t<p>Gem\u00f3loga especializada en diamantes.<\/p>\t\t\t\t\t\t\t\t<\/div>\n\t\t\t\t<\/div>\n\t\t\t\t<div class=\"elementor-element elementor-element-c0f3a63 elementor-shape-rounded elementor-grid-0 e-grid-align-center elementor-widget elementor-widget-social-icons\" data-id=\"c0f3a63\" data-element_type=\"widget\" data-e-type=\"widget\" data-widget_type=\"social-icons.default\">\n\t\t\t\t<div class=\"elementor-widget-container\">\n\t\t\t\t\t\t\t<div class=\"elementor-social-icons-wrapper elementor-grid\">\n\t\t\t\t\t\t\t<span class=\"elementor-grid-item\">\n\t\t\t\t\t<a class=\"elementor-icon elementor-social-icon elementor-social-icon-facebook-f elementor-animation-grow elementor-repeater-item-8b93740\" href=\"https:\/\/www.facebook.com\/irune.fuertes\" target=\"_blank\">\n\t\t\t\t\t\t<span class=\"elementor-screen-only\">Facebook-f<\/span>\n\t\t\t\t\t\t<i aria-hidden=\"true\" class=\"fab fa-facebook-f\"><\/i>\t\t\t\t\t<\/a>\n\t\t\t\t<\/span>\n\t\t\t\t\t<\/div>\n\t\t\t\t\t\t<\/div>\n\t\t\t\t<\/div>\n\t\t\t\t\t<\/div>\n\t\t<\/div>\n\t\t\t\t<div class=\"elementor-column elementor-col-50 elementor-top-column elementor-element elementor-element-168a8d3e\" data-id=\"168a8d3e\" data-element_type=\"column\" data-e-type=\"column\">\n\t\t\t<div class=\"elementor-widget-wrap elementor-element-populated\">\n\t\t\t\t\t\t<div class=\"elementor-element elementor-element-5f36204d elementor-widget elementor-widget-image-box\" data-id=\"5f36204d\" data-element_type=\"widget\" data-e-type=\"widget\" data-widget_type=\"image-box.default\">\n\t\t\t\t<div class=\"elementor-widget-container\">\n\t\t\t\t\t<div class=\"elementor-image-box-wrapper\"><div class=\"elementor-image-box-content\"><h3 class=\"elementor-image-box-title\">Juan Fuertes<\/h3><p class=\"elementor-image-box-description\">Joyero<\/p><\/div><\/div>\t\t\t\t<\/div>\n\t\t\t\t<\/div>\n\t\t\t\t<div class=\"elementor-element elementor-element-54ed3144 elementor-widget elementor-widget-text-editor\" data-id=\"54ed3144\" data-element_type=\"widget\" data-e-type=\"widget\" data-widget_type=\"text-editor.default\">\n\t\t\t\t<div class=\"elementor-widget-container\">\n\t\t\t\t\t\t\t\t\t<p>Joyero y relojero artesano.<\/p>\t\t\t\t\t\t\t\t<\/div>\n\t\t\t\t<\/div>\n\t\t\t\t<div class=\"elementor-element elementor-element-13abf690 elementor-shape-rounded elementor-grid-0 e-grid-align-center elementor-widget elementor-widget-social-icons\" data-id=\"13abf690\" data-element_type=\"widget\" data-e-type=\"widget\" data-widget_type=\"social-icons.default\">\n\t\t\t\t<div class=\"elementor-widget-container\">\n\t\t\t\t\t\t\t<div class=\"elementor-social-icons-wrapper elementor-grid\">\n\t\t\t\t\t\t\t<span class=\"elementor-grid-item\">\n\t\t\t\t\t<a class=\"elementor-icon elementor-social-icon elementor-social-icon-facebook-f elementor-animation-grow elementor-repeater-item-8b93740\" target=\"_blank\">\n\t\t\t\t\t\t<span class=\"elementor-screen-only\">Facebook-f<\/span>\n\t\t\t\t\t\t<i aria-hidden=\"true\" class=\"fab fa-facebook-f\"><\/i>\t\t\t\t\t<\/a>\n\t\t\t\t<\/span>\n\t\t\t\t\t<\/div>\n\t\t\t\t\t\t<\/div>\n\t\t\t\t<\/div>\n\t\t\t\t\t<\/div>\n\t\t<\/div>\n\t\t\t\t\t<\/div>\n\t\t<\/section>\n\t\t\t\t<\/div>\n\t\t","protected":false},"excerpt":{"rendered":"<p>Somos un equipo de joyeros artesanos con a\u00f1os de experiencia en el dise\u00f1o y la fundici\u00f3n de joyas. Cuando recordamos a nuestro padre, Javier Fuertes, el silencio sonr\u00ede. Probablemente un c\u00f3digo familiar, el recuerdo de un hombre que con apenas catorce a\u00f1os (1948) se afanaba en aprender el oficio de orfebrer\u00eda. JOYER\u00cdA OLAZ abri\u00f3 sus [&hellip;]<\/p>\n","protected":false},"author":1,"featured_media":0,"parent":0,"menu_order":0,"comment_status":"closed","ping_status":"closed","template":"","meta":{"_monsterinsights_skip_tracking":false,"_monsterinsights_sitenote_active":false,"_monsterinsights_sitenote_note":"","_monsterinsights_sitenote_category":0,"site-sidebar-layout":"no-sidebar","site-content-layout":"page-builder","ast-site-content-layout":"default","site-content-style":"default","site-sidebar-style":"default","ast-global-header-display":"","ast-banner-title-visibility":"","ast-main-header-display":"","ast-hfb-above-header-display":"","ast-hfb-below-header-display":"","ast-hfb-mobile-header-display":"","site-post-title":"disabled","ast-breadcrumbs-content":"","ast-featured-img":"disabled","footer-sml-layout":"","ast-disable-related-posts":"","theme-transparent-header-meta":"default","adv-header-id-meta":"","stick-header-meta":"","header-above-stick-meta":"","header-main-stick-meta":"","header-below-stick-meta":"","astra-migrate-meta-layouts":"default","ast-page-background-enabled":"default","ast-page-background-meta":{"desktop":{"background-color":"","background-image":"","background-repeat":"repeat","background-position":"center center","background-size":"auto","background-attachment":"scroll","background-type":"","background-media":"","overlay-type":"","overlay-color":"","overlay-opacity":"","overlay-gradient":""},"tablet":{"background-color":"","background-image":"","background-repeat":"repeat","background-position":"center center","background-size":"auto","background-attachment":"scroll","background-type":"","background-media":"","overlay-type":"","overlay-color":"","overlay-opacity":"","overlay-gradient":""},"mobile":{"background-color":"","background-image":"","background-repeat":"repeat","background-position":"center center","background-size":"auto","background-attachment":"scroll","background-type":"","background-media":"","overlay-type":"","overlay-color":"","overlay-opacity":"","overlay-gradient":""}},"ast-content-background-meta":{"desktop":{"background-color":"var(--ast-global-color-5)","background-image":"","background-repeat":"repeat","background-position":"center center","background-size":"auto","background-attachment":"scroll","background-type":"","background-media":"","overlay-type":"","overlay-color":"","overlay-opacity":"","overlay-gradient":""},"tablet":{"background-color":"var(--ast-global-color-5)","background-image":"","background-repeat":"repeat","background-position":"center center","background-size":"auto","background-attachment":"scroll","background-type":"","background-media":"","overlay-type":"","overlay-color":"","overlay-opacity":"","overlay-gradient":""},"mobile":{"background-color":"var(--ast-global-color-5)","background-image":"","background-repeat":"repeat","background-position":"center center","background-size":"auto","background-attachment":"scroll","background-type":"","background-media":"","overlay-type":"","overlay-color":"","overlay-opacity":"","overlay-gradient":""}},"footnotes":""},"class_list":["post-35","page","type-page","status-publish","hentry"],"yoast_head":"<!-- This site is optimized with the Yoast SEO plugin v27.4 - https:\/\/yoast.com\/product\/yoast-seo-wordpress\/ -->\n<title>Nosotros -<\/title>\n<meta name=\"robots\" content=\"index, follow, max-snippet:-1, max-image-preview:large, max-video-preview:-1\" \/>\n<link rel=\"canonical\" href=\"https:\/\/www.joyeriaolaz.es\/?page_id=35\" \/>\n<meta property=\"og:locale\" content=\"es_ES\" \/>\n<meta property=\"og:type\" content=\"article\" \/>\n<meta property=\"og:title\" content=\"Nosotros -\" \/>\n<meta property=\"og:description\" content=\"Somos un equipo de joyeros artesanos con a\u00f1os de experiencia en el dise\u00f1o y la fundici\u00f3n de joyas. Cuando recordamos a nuestro padre, Javier Fuertes, el silencio sonr\u00ede. Probablemente un c\u00f3digo familiar, el recuerdo de un hombre que con apenas catorce a\u00f1os (1948) se afanaba en aprender el oficio de orfebrer\u00eda. JOYER\u00cdA OLAZ abri\u00f3 sus [&hellip;]\" \/>\n<meta property=\"og:url\" content=\"https:\/\/www.joyeriaolaz.es\/?page_id=35\" \/>\n<meta property=\"article:modified_time\" content=\"2022-06-17T13:56:58+00:00\" \/>\n<meta property=\"og:image\" content=\"https:\/\/www.joyeriaolaz.es\/wp-content\/uploads\/2020\/06\/abuelo-1024x718.png\" \/>\n<meta name=\"twitter:card\" content=\"summary_large_image\" \/>\n<meta name=\"twitter:label1\" content=\"Tiempo de lectura\" \/>\n\t<meta name=\"twitter:data1\" content=\"1 minuto\" \/>\n<script type=\"application\/ld+json\" class=\"yoast-schema-graph\">{\"@context\":\"https:\\\/\\\/schema.org\",\"@graph\":[{\"@type\":\"WebPage\",\"@id\":\"https:\\\/\\\/www.joyeriaolaz.es\\\/?page_id=35\",\"url\":\"https:\\\/\\\/www.joyeriaolaz.es\\\/?page_id=35\",\"name\":\"Nosotros -\",\"isPartOf\":{\"@id\":\"https:\\\/\\\/www.joyeriaolaz.es\\\/#website\"},\"primaryImageOfPage\":{\"@id\":\"https:\\\/\\\/www.joyeriaolaz.es\\\/?page_id=35#primaryimage\"},\"image\":{\"@id\":\"https:\\\/\\\/www.joyeriaolaz.es\\\/?page_id=35#primaryimage\"},\"thumbnailUrl\":\"https:\\\/\\\/www.joyeriaolaz.es\\\/wp-content\\\/uploads\\\/2020\\\/06\\\/abuelo-1024x718.png\",\"datePublished\":\"2020-06-16T17:51:46+00:00\",\"dateModified\":\"2022-06-17T13:56:58+00:00\",\"breadcrumb\":{\"@id\":\"https:\\\/\\\/www.joyeriaolaz.es\\\/?page_id=35#breadcrumb\"},\"inLanguage\":\"es\",\"potentialAction\":[{\"@type\":\"ReadAction\",\"target\":[\"https:\\\/\\\/www.joyeriaolaz.es\\\/?page_id=35\"]}]},{\"@type\":\"ImageObject\",\"inLanguage\":\"es\",\"@id\":\"https:\\\/\\\/www.joyeriaolaz.es\\\/?page_id=35#primaryimage\",\"url\":\"https:\\\/\\\/www.joyeriaolaz.es\\\/wp-content\\\/uploads\\\/2020\\\/06\\\/abuelo.png\",\"contentUrl\":\"https:\\\/\\\/www.joyeriaolaz.es\\\/wp-content\\\/uploads\\\/2020\\\/06\\\/abuelo.png\",\"width\":1160,\"height\":813,\"caption\":\"sobre nosotros\"},{\"@type\":\"BreadcrumbList\",\"@id\":\"https:\\\/\\\/www.joyeriaolaz.es\\\/?page_id=35#breadcrumb\",\"itemListElement\":[{\"@type\":\"ListItem\",\"position\":1,\"name\":\"Portada\",\"item\":\"https:\\\/\\\/www.joyeriaolaz.es\\\/\"},{\"@type\":\"ListItem\",\"position\":2,\"name\":\"Nosotros\"}]},{\"@type\":\"WebSite\",\"@id\":\"https:\\\/\\\/www.joyeriaolaz.es\\\/#website\",\"url\":\"https:\\\/\\\/www.joyeriaolaz.es\\\/\",\"name\":\"\",\"description\":\"\",\"potentialAction\":[{\"@type\":\"SearchAction\",\"target\":{\"@type\":\"EntryPoint\",\"urlTemplate\":\"https:\\\/\\\/www.joyeriaolaz.es\\\/?s={search_term_string}\"},\"query-input\":{\"@type\":\"PropertyValueSpecification\",\"valueRequired\":true,\"valueName\":\"search_term_string\"}}],\"inLanguage\":\"es\"}]}<\/script>\n<!-- \/ Yoast SEO plugin. -->","yoast_head_json":{"title":"Nosotros -","robots":{"index":"index","follow":"follow","max-snippet":"max-snippet:-1","max-image-preview":"max-image-preview:large","max-video-preview":"max-video-preview:-1"},"canonical":"https:\/\/www.joyeriaolaz.es\/?page_id=35","og_locale":"es_ES","og_type":"article","og_title":"Nosotros -","og_description":"Somos un equipo de joyeros artesanos con a\u00f1os de experiencia en el dise\u00f1o y la fundici\u00f3n de joyas. Cuando recordamos a nuestro padre, Javier Fuertes, el silencio sonr\u00ede. Probablemente un c\u00f3digo familiar, el recuerdo de un hombre que con apenas catorce a\u00f1os (1948) se afanaba en aprender el oficio de orfebrer\u00eda. JOYER\u00cdA OLAZ abri\u00f3 sus [&hellip;]","og_url":"https:\/\/www.joyeriaolaz.es\/?page_id=35","article_modified_time":"2022-06-17T13:56:58+00:00","og_image":[{"url":"https:\/\/www.joyeriaolaz.es\/wp-content\/uploads\/2020\/06\/abuelo-1024x718.png","type":"","width":"","height":""}],"twitter_card":"summary_large_image","twitter_misc":{"Tiempo de lectura":"1 minuto"},"schema":{"@context":"https:\/\/schema.org","@graph":[{"@type":"WebPage","@id":"https:\/\/www.joyeriaolaz.es\/?page_id=35","url":"https:\/\/www.joyeriaolaz.es\/?page_id=35","name":"Nosotros -","isPartOf":{"@id":"https:\/\/www.joyeriaolaz.es\/#website"},"primaryImageOfPage":{"@id":"https:\/\/www.joyeriaolaz.es\/?page_id=35#primaryimage"},"image":{"@id":"https:\/\/www.joyeriaolaz.es\/?page_id=35#primaryimage"},"thumbnailUrl":"https:\/\/www.joyeriaolaz.es\/wp-content\/uploads\/2020\/06\/abuelo-1024x718.png","datePublished":"2020-06-16T17:51:46+00:00","dateModified":"2022-06-17T13:56:58+00:00","breadcrumb":{"@id":"https:\/\/www.joyeriaolaz.es\/?page_id=35#breadcrumb"},"inLanguage":"es","potentialAction":[{"@type":"ReadAction","target":["https:\/\/www.joyeriaolaz.es\/?page_id=35"]}]},{"@type":"ImageObject","inLanguage":"es","@id":"https:\/\/www.joyeriaolaz.es\/?page_id=35#primaryimage","url":"https:\/\/www.joyeriaolaz.es\/wp-content\/uploads\/2020\/06\/abuelo.png","contentUrl":"https:\/\/www.joyeriaolaz.es\/wp-content\/uploads\/2020\/06\/abuelo.png","width":1160,"height":813,"caption":"sobre nosotros"},{"@type":"BreadcrumbList","@id":"https:\/\/www.joyeriaolaz.es\/?page_id=35#breadcrumb","itemListElement":[{"@type":"ListItem","position":1,"name":"Portada","item":"https:\/\/www.joyeriaolaz.es\/"},{"@type":"ListItem","position":2,"name":"Nosotros"}]},{"@type":"WebSite","@id":"https:\/\/www.joyeriaolaz.es\/#website","url":"https:\/\/www.joyeriaolaz.es\/","name":"","description":"","potentialAction":[{"@type":"SearchAction","target":{"@type":"EntryPoint","urlTemplate":"https:\/\/www.joyeriaolaz.es\/?s={search_term_string}"},"query-input":{"@type":"PropertyValueSpecification","valueRequired":true,"valueName":"search_term_string"}}],"inLanguage":"es"}]}},"_links":{"self":[{"href":"https:\/\/www.joyeriaolaz.es\/index.php?rest_route=\/wp\/v2\/pages\/35","targetHints":{"allow":["GET"]}}],"collection":[{"href":"https:\/\/www.joyeriaolaz.es\/index.php?rest_route=\/wp\/v2\/pages"}],"about":[{"href":"https:\/\/www.joyeriaolaz.es\/index.php?rest_route=\/wp\/v2\/types\/page"}],"author":[{"embeddable":true,"href":"https:\/\/www.joyeriaolaz.es\/index.php?rest_route=\/wp\/v2\/users\/1"}],"replies":[{"embeddable":true,"href":"https:\/\/www.joyeriaolaz.es\/index.php?rest_route=%2Fwp%2Fv2%2Fcomments&post=35"}],"version-history":[{"count":213,"href":"https:\/\/www.joyeriaolaz.es\/index.php?rest_route=\/wp\/v2\/pages\/35\/revisions"}],"predecessor-version":[{"id":1480,"href":"https:\/\/www.joyeriaolaz.es\/index.php?rest_route=\/wp\/v2\/pages\/35\/revisions\/1480"}],"wp:attachment":[{"href":"https:\/\/www.joyeriaolaz.es\/index.php?rest_route=%2Fwp%2Fv2%2Fmedia&parent=35"}],"curies":[{"name":"wp","href":"https:\/\/api.w.org\/{rel}","templated":true}]}}