{"id":198,"date":"2020-06-20T13:27:39","date_gmt":"2020-06-20T13:27:39","guid":{"rendered":"https:\/\/www.joyeriaolaz.es\/?page_id=198"},"modified":"2023-02-04T08:24:02","modified_gmt":"2023-02-04T08:24:02","slug":"personaliza-y-disena-tu-joya","status":"publish","type":"page","link":"https:\/\/www.joyeriaolaz.es\/?page_id=198","title":{"rendered":"Personaliza y dise\u00f1a tu joya"},"content":{"rendered":"\t\t<div data-elementor-type=\"wp-page\" data-elementor-id=\"198\" class=\"elementor elementor-198\">\n\t\t\t\t\t\t<section class=\"elementor-section elementor-top-section elementor-element elementor-element-dedd2a6 elementor-section-boxed elementor-section-height-default elementor-section-height-default\" data-id=\"dedd2a6\" data-element_type=\"section\" data-e-type=\"section\">\n\t\t\t\t\t\t<div class=\"elementor-container elementor-column-gap-default\">\n\t\t\t\t\t<div class=\"elementor-column elementor-col-100 elementor-top-column elementor-element elementor-element-1cbcf89\" data-id=\"1cbcf89\" data-element_type=\"column\" data-e-type=\"column\">\n\t\t\t<div class=\"elementor-widget-wrap elementor-element-populated\">\n\t\t\t\t\t\t<div class=\"elementor-element elementor-element-54ba6e8 elementor-widget elementor-widget-spacer\" data-id=\"54ba6e8\" data-element_type=\"widget\" data-e-type=\"widget\" data-widget_type=\"spacer.default\">\n\t\t\t\t<div class=\"elementor-widget-container\">\n\t\t\t\t\t\t\t<div class=\"elementor-spacer\">\n\t\t\t<div class=\"elementor-spacer-inner\"><\/div>\n\t\t<\/div>\n\t\t\t\t\t\t<\/div>\n\t\t\t\t<\/div>\n\t\t\t\t\t<\/div>\n\t\t<\/div>\n\t\t\t\t\t<\/div>\n\t\t<\/section>\n\t\t\t\t<section class=\"elementor-section elementor-top-section elementor-element elementor-element-104b309 elementor-section-boxed elementor-section-height-default elementor-section-height-default\" data-id=\"104b309\" data-element_type=\"section\" data-e-type=\"section\">\n\t\t\t\t\t\t<div class=\"elementor-container elementor-column-gap-default\">\n\t\t\t\t\t<div class=\"elementor-column elementor-col-50 elementor-top-column elementor-element elementor-element-c6ca18f\" data-id=\"c6ca18f\" data-element_type=\"column\" data-e-type=\"column\">\n\t\t\t<div class=\"elementor-widget-wrap elementor-element-populated\">\n\t\t\t\t\t\t\t<\/div>\n\t\t<\/div>\n\t\t\t\t<div class=\"elementor-column elementor-col-50 elementor-top-column elementor-element elementor-element-63d2d76\" data-id=\"63d2d76\" data-element_type=\"column\" data-e-type=\"column\">\n\t\t\t<div class=\"elementor-widget-wrap elementor-element-populated\">\n\t\t\t\t\t\t<div class=\"elementor-element elementor-element-dd20283 elementor-widget elementor-widget-heading\" data-id=\"dd20283\" data-element_type=\"widget\" data-e-type=\"widget\" data-widget_type=\"heading.default\">\n\t\t\t\t<div class=\"elementor-widget-container\">\n\t\t\t\t\t<h3 class=\"elementor-heading-title elementor-size-large\">Personaliza y dise\u00f1a \ntu joya<\/h3>\t\t\t\t<\/div>\n\t\t\t\t<\/div>\n\t\t\t\t<div class=\"elementor-element elementor-element-05c5e8a elementor-widget elementor-widget-text-editor\" data-id=\"05c5e8a\" data-element_type=\"widget\" data-e-type=\"widget\" data-widget_type=\"text-editor.default\">\n\t\t\t\t<div class=\"elementor-widget-container\">\n\t\t\t\t\t\t\t\t\t<p>Lleva tu joya al siguiente nivel con nuestro servicio de personalizaci\u00f3n y dise\u00f1o. Te ayudamos a crear la pieza perfecta que refleje tu estilo y personalidad. En nuestra tienda, trabajamos juntos para valorar todas las opciones y hacer realidad tus ideas. \u00a1Transforma tus joyas en una obra de arte \u00fanica con nuestro servicio de personalizaci\u00f3n!<\/p><div class=\"flex-1 overflow-hidden\"><div class=\"react-scroll-to-bottom--css-gsczh-79elbk h-full dark:bg-gray-800\"><div class=\"react-scroll-to-bottom--css-gsczh-1n7m0yu\"><div class=\"flex flex-col items-center text-sm h-full dark:bg-gray-800\"><div class=\"w-full border-b border-black\/10 dark:border-gray-900\/50 text-gray-800 dark:text-gray-100 group bg-gray-50 dark:bg-[#444654]\"><div class=\"text-base gap-4 md:gap-6 m-auto md:max-w-2xl lg:max-w-2xl xl:max-w-3xl p-4 md:py-6 flex lg:px-0\"><div class=\"relative flex w-[calc(100%-50px)] flex-col gap-1 md:gap-3 lg:w-[calc(100%-115px)]\"><div class=\"flex flex-grow flex-col gap-3\"><div class=\"min-h-[20px] flex flex-col items-start gap-4 whitespace-pre-wrap\"><div class=\"markdown prose w-full break-words dark:prose-invert light\"><p>En el proceso de dise\u00f1o, es importante tener en cuenta los detalles y preferencias de cada cliente, desde la forma y el tama\u00f1o hasta la elecci\u00f3n de los materiales. El oro, la plata y los diamantes son populares, pero tambi\u00e9n podemos utilizar otros materiales como el platino, la perla y el titanio para lograr un look m\u00e1s personalizado.<\/p><p>La personalizaci\u00f3n tambi\u00e9n puede incluir grabados, inscripciones y piedras personalizadas. Estos elementos adicionales agregar\u00e1n un toque personal y significativo a la pieza, convirti\u00e9ndola en una joya \u00fanica y valiosa. Es importante asegurarse de que la joya se ajuste perfectamente al cliente y se sienta c\u00f3modo al usarla. Por lo tanto, es fundamental tomar las medidas correctas y asegurarse de que la pieza sea fabricada con precisi\u00f3n y calidad.<\/p><\/div><\/div><\/div><\/div><\/div><\/div><\/div><\/div><\/div><\/div>\t\t\t\t\t\t\t\t<\/div>\n\t\t\t\t<\/div>\n\t\t\t\t\t<\/div>\n\t\t<\/div>\n\t\t\t\t\t<\/div>\n\t\t<\/section>\n\t\t\t\t<section class=\"elementor-section elementor-top-section elementor-element elementor-element-aa1c21e elementor-section-boxed elementor-section-height-default elementor-section-height-default\" data-id=\"aa1c21e\" data-element_type=\"section\" data-e-type=\"section\">\n\t\t\t\t\t\t<div class=\"elementor-container elementor-column-gap-default\">\n\t\t\t\t\t<div class=\"elementor-column elementor-col-100 elementor-top-column elementor-element elementor-element-c3438c7\" data-id=\"c3438c7\" data-element_type=\"column\" data-e-type=\"column\">\n\t\t\t<div class=\"elementor-widget-wrap elementor-element-populated\">\n\t\t\t\t\t\t<div class=\"elementor-element elementor-element-020c5e4 elementor-widget elementor-widget-spacer\" data-id=\"020c5e4\" data-element_type=\"widget\" data-e-type=\"widget\" data-widget_type=\"spacer.default\">\n\t\t\t\t<div class=\"elementor-widget-container\">\n\t\t\t\t\t\t\t<div class=\"elementor-spacer\">\n\t\t\t<div class=\"elementor-spacer-inner\"><\/div>\n\t\t<\/div>\n\t\t\t\t\t\t<\/div>\n\t\t\t\t<\/div>\n\t\t\t\t\t<\/div>\n\t\t<\/div>\n\t\t\t\t\t<\/div>\n\t\t<\/section>\n\t\t\t\t<\/div>\n\t\t","protected":false},"excerpt":{"rendered":"<p>Personaliza y dise\u00f1a tu joya Lleva tu joya al siguiente nivel con nuestro servicio de personalizaci\u00f3n y dise\u00f1o. Te ayudamos a crear la pieza perfecta que refleje tu estilo y personalidad. En nuestra tienda, trabajamos juntos para valorar todas las opciones y hacer realidad tus ideas. \u00a1Transforma tus joyas en una obra de arte \u00fanica [&hellip;]<\/p>\n","protected":false},"author":1,"featured_media":0,"parent":0,"menu_order":0,"comment_status":"closed","ping_status":"closed","template":"","meta":{"_monsterinsights_skip_tracking":false,"_monsterinsights_sitenote_active":false,"_monsterinsights_sitenote_note":"","_monsterinsights_sitenote_category":0,"site-sidebar-layout":"no-sidebar","site-content-layout":"page-builder","ast-site-content-layout":"default","site-content-style":"default","site-sidebar-style":"default","ast-global-header-display":"","ast-banner-title-visibility":"","ast-main-header-display":"","ast-hfb-above-header-display":"","ast-hfb-below-header-display":"","ast-hfb-mobile-header-display":"","site-post-title":"disabled","ast-breadcrumbs-content":"","ast-featured-img":"disabled","footer-sml-layout":"","ast-disable-related-posts":"","theme-transparent-header-meta":"default","adv-header-id-meta":"","stick-header-meta":"","header-above-stick-meta":"","header-main-stick-meta":"","header-below-stick-meta":"","astra-migrate-meta-layouts":"default","ast-page-background-enabled":"default","ast-page-background-meta":{"desktop":{"background-color":"","background-image":"","background-repeat":"repeat","background-position":"center center","background-size":"auto","background-attachment":"scroll","background-type":"","background-media":"","overlay-type":"","overlay-color":"","overlay-opacity":"","overlay-gradient":""},"tablet":{"background-color":"","background-image":"","background-repeat":"repeat","background-position":"center center","background-size":"auto","background-attachment":"scroll","background-type":"","background-media":"","overlay-type":"","overlay-color":"","overlay-opacity":"","overlay-gradient":""},"mobile":{"background-color":"","background-image":"","background-repeat":"repeat","background-position":"center center","background-size":"auto","background-attachment":"scroll","background-type":"","background-media":"","overlay-type":"","overlay-color":"","overlay-opacity":"","overlay-gradient":""}},"ast-content-background-meta":{"desktop":{"background-color":"var(--ast-global-color-5)","background-image":"","background-repeat":"repeat","background-position":"center center","background-size":"auto","background-attachment":"scroll","background-type":"","background-media":"","overlay-type":"","overlay-color":"","overlay-opacity":"","overlay-gradient":""},"tablet":{"background-color":"var(--ast-global-color-5)","background-image":"","background-repeat":"repeat","background-position":"center center","background-size":"auto","background-attachment":"scroll","background-type":"","background-media":"","overlay-type":"","overlay-color":"","overlay-opacity":"","overlay-gradient":""},"mobile":{"background-color":"var(--ast-global-color-5)","background-image":"","background-repeat":"repeat","background-position":"center center","background-size":"auto","background-attachment":"scroll","background-type":"","background-media":"","overlay-type":"","overlay-color":"","overlay-opacity":"","overlay-gradient":""}},"footnotes":""},"class_list":["post-198","page","type-page","status-publish","hentry"],"yoast_head":"<!-- This site is optimized with the Yoast SEO plugin v27.4 - https:\/\/yoast.com\/product\/yoast-seo-wordpress\/ -->\n<title>Personaliza y dise\u00f1a tu joya -<\/title>\n<meta name=\"robots\" content=\"index, follow, max-snippet:-1, max-image-preview:large, max-video-preview:-1\" \/>\n<link rel=\"canonical\" href=\"https:\/\/www.joyeriaolaz.es\/?page_id=198\" \/>\n<meta property=\"og:locale\" content=\"es_ES\" \/>\n<meta property=\"og:type\" content=\"article\" \/>\n<meta property=\"og:title\" content=\"Personaliza y dise\u00f1a tu joya -\" \/>\n<meta property=\"og:description\" content=\"Personaliza y dise\u00f1a tu joya Lleva tu joya al siguiente nivel con nuestro servicio de personalizaci\u00f3n y dise\u00f1o. Te ayudamos a crear la pieza perfecta que refleje tu estilo y personalidad. En nuestra tienda, trabajamos juntos para valorar todas las opciones y hacer realidad tus ideas. \u00a1Transforma tus joyas en una obra de arte \u00fanica [&hellip;]\" \/>\n<meta property=\"og:url\" content=\"https:\/\/www.joyeriaolaz.es\/?page_id=198\" \/>\n<meta property=\"article:modified_time\" content=\"2023-02-04T08:24:02+00:00\" \/>\n<meta name=\"twitter:card\" content=\"summary_large_image\" \/>\n<meta name=\"twitter:label1\" content=\"Tiempo de lectura\" \/>\n\t<meta name=\"twitter:data1\" content=\"1 minuto\" \/>\n<script type=\"application\/ld+json\" class=\"yoast-schema-graph\">{\"@context\":\"https:\\\/\\\/schema.org\",\"@graph\":[{\"@type\":\"WebPage\",\"@id\":\"https:\\\/\\\/www.joyeriaolaz.es\\\/?page_id=198\",\"url\":\"https:\\\/\\\/www.joyeriaolaz.es\\\/?page_id=198\",\"name\":\"Personaliza y dise\u00f1a tu joya -\",\"isPartOf\":{\"@id\":\"https:\\\/\\\/www.joyeriaolaz.es\\\/#website\"},\"datePublished\":\"2020-06-20T13:27:39+00:00\",\"dateModified\":\"2023-02-04T08:24:02+00:00\",\"breadcrumb\":{\"@id\":\"https:\\\/\\\/www.joyeriaolaz.es\\\/?page_id=198#breadcrumb\"},\"inLanguage\":\"es\",\"potentialAction\":[{\"@type\":\"ReadAction\",\"target\":[\"https:\\\/\\\/www.joyeriaolaz.es\\\/?page_id=198\"]}]},{\"@type\":\"BreadcrumbList\",\"@id\":\"https:\\\/\\\/www.joyeriaolaz.es\\\/?page_id=198#breadcrumb\",\"itemListElement\":[{\"@type\":\"ListItem\",\"position\":1,\"name\":\"Portada\",\"item\":\"https:\\\/\\\/www.joyeriaolaz.es\\\/\"},{\"@type\":\"ListItem\",\"position\":2,\"name\":\"Personaliza y dise\u00f1a tu joya\"}]},{\"@type\":\"WebSite\",\"@id\":\"https:\\\/\\\/www.joyeriaolaz.es\\\/#website\",\"url\":\"https:\\\/\\\/www.joyeriaolaz.es\\\/\",\"name\":\"\",\"description\":\"\",\"potentialAction\":[{\"@type\":\"SearchAction\",\"target\":{\"@type\":\"EntryPoint\",\"urlTemplate\":\"https:\\\/\\\/www.joyeriaolaz.es\\\/?s={search_term_string}\"},\"query-input\":{\"@type\":\"PropertyValueSpecification\",\"valueRequired\":true,\"valueName\":\"search_term_string\"}}],\"inLanguage\":\"es\"}]}<\/script>\n<!-- \/ Yoast SEO plugin. -->","yoast_head_json":{"title":"Personaliza y dise\u00f1a tu joya -","robots":{"index":"index","follow":"follow","max-snippet":"max-snippet:-1","max-image-preview":"max-image-preview:large","max-video-preview":"max-video-preview:-1"},"canonical":"https:\/\/www.joyeriaolaz.es\/?page_id=198","og_locale":"es_ES","og_type":"article","og_title":"Personaliza y dise\u00f1a tu joya -","og_description":"Personaliza y dise\u00f1a tu joya Lleva tu joya al siguiente nivel con nuestro servicio de personalizaci\u00f3n y dise\u00f1o. Te ayudamos a crear la pieza perfecta que refleje tu estilo y personalidad. En nuestra tienda, trabajamos juntos para valorar todas las opciones y hacer realidad tus ideas. \u00a1Transforma tus joyas en una obra de arte \u00fanica [&hellip;]","og_url":"https:\/\/www.joyeriaolaz.es\/?page_id=198","article_modified_time":"2023-02-04T08:24:02+00:00","twitter_card":"summary_large_image","twitter_misc":{"Tiempo de lectura":"1 minuto"},"schema":{"@context":"https:\/\/schema.org","@graph":[{"@type":"WebPage","@id":"https:\/\/www.joyeriaolaz.es\/?page_id=198","url":"https:\/\/www.joyeriaolaz.es\/?page_id=198","name":"Personaliza y dise\u00f1a tu joya -","isPartOf":{"@id":"https:\/\/www.joyeriaolaz.es\/#website"},"datePublished":"2020-06-20T13:27:39+00:00","dateModified":"2023-02-04T08:24:02+00:00","breadcrumb":{"@id":"https:\/\/www.joyeriaolaz.es\/?page_id=198#breadcrumb"},"inLanguage":"es","potentialAction":[{"@type":"ReadAction","target":["https:\/\/www.joyeriaolaz.es\/?page_id=198"]}]},{"@type":"BreadcrumbList","@id":"https:\/\/www.joyeriaolaz.es\/?page_id=198#breadcrumb","itemListElement":[{"@type":"ListItem","position":1,"name":"Portada","item":"https:\/\/www.joyeriaolaz.es\/"},{"@type":"ListItem","position":2,"name":"Personaliza y dise\u00f1a tu joya"}]},{"@type":"WebSite","@id":"https:\/\/www.joyeriaolaz.es\/#website","url":"https:\/\/www.joyeriaolaz.es\/","name":"","description":"","potentialAction":[{"@type":"SearchAction","target":{"@type":"EntryPoint","urlTemplate":"https:\/\/www.joyeriaolaz.es\/?s={search_term_string}"},"query-input":{"@type":"PropertyValueSpecification","valueRequired":true,"valueName":"search_term_string"}}],"inLanguage":"es"}]}},"_links":{"self":[{"href":"https:\/\/www.joyeriaolaz.es\/index.php?rest_route=\/wp\/v2\/pages\/198","targetHints":{"allow":["GET"]}}],"collection":[{"href":"https:\/\/www.joyeriaolaz.es\/index.php?rest_route=\/wp\/v2\/pages"}],"about":[{"href":"https:\/\/www.joyeriaolaz.es\/index.php?rest_route=\/wp\/v2\/types\/page"}],"author":[{"embeddable":true,"href":"https:\/\/www.joyeriaolaz.es\/index.php?rest_route=\/wp\/v2\/users\/1"}],"replies":[{"embeddable":true,"href":"https:\/\/www.joyeriaolaz.es\/index.php?rest_route=%2Fwp%2Fv2%2Fcomments&post=198"}],"version-history":[{"count":41,"href":"https:\/\/www.joyeriaolaz.es\/index.php?rest_route=\/wp\/v2\/pages\/198\/revisions"}],"predecessor-version":[{"id":1553,"href":"https:\/\/www.joyeriaolaz.es\/index.php?rest_route=\/wp\/v2\/pages\/198\/revisions\/1553"}],"wp:attachment":[{"href":"https:\/\/www.joyeriaolaz.es\/index.php?rest_route=%2Fwp%2Fv2%2Fmedia&parent=198"}],"curies":[{"name":"wp","href":"https:\/\/api.w.org\/{rel}","templated":true}]}}