{"id":195,"date":"2020-06-20T13:25:55","date_gmt":"2020-06-20T13:25:55","guid":{"rendered":"https:\/\/www.joyeriaolaz.es\/?page_id=195"},"modified":"2023-08-27T19:47:46","modified_gmt":"2023-08-27T19:47:46","slug":"arreglos-especiales","status":"publish","type":"page","link":"https:\/\/www.joyeriaolaz.es\/?page_id=195","title":{"rendered":"Arreglos especiales"},"content":{"rendered":"\t\t<div data-elementor-type=\"wp-page\" data-elementor-id=\"195\" class=\"elementor elementor-195\">\n\t\t\t\t\t\t<section class=\"elementor-section elementor-top-section elementor-element elementor-element-15e9218 elementor-section-boxed elementor-section-height-default elementor-section-height-default\" data-id=\"15e9218\" data-element_type=\"section\" data-e-type=\"section\">\n\t\t\t\t\t\t<div class=\"elementor-container elementor-column-gap-default\">\n\t\t\t\t\t<div class=\"elementor-column elementor-col-100 elementor-top-column elementor-element elementor-element-4e77446\" data-id=\"4e77446\" data-element_type=\"column\" data-e-type=\"column\">\n\t\t\t<div class=\"elementor-widget-wrap elementor-element-populated\">\n\t\t\t\t\t\t<div class=\"elementor-element elementor-element-6abb4be elementor-widget elementor-widget-spacer\" data-id=\"6abb4be\" data-element_type=\"widget\" data-e-type=\"widget\" data-widget_type=\"spacer.default\">\n\t\t\t\t<div class=\"elementor-widget-container\">\n\t\t\t\t\t\t\t<div class=\"elementor-spacer\">\n\t\t\t<div class=\"elementor-spacer-inner\"><\/div>\n\t\t<\/div>\n\t\t\t\t\t\t<\/div>\n\t\t\t\t<\/div>\n\t\t\t\t\t<\/div>\n\t\t<\/div>\n\t\t\t\t\t<\/div>\n\t\t<\/section>\n\t\t\t\t<section class=\"elementor-section elementor-top-section elementor-element elementor-element-fb67d48 elementor-section-boxed elementor-section-height-default elementor-section-height-default\" data-id=\"fb67d48\" data-element_type=\"section\" data-e-type=\"section\">\n\t\t\t\t\t\t<div class=\"elementor-container elementor-column-gap-default\">\n\t\t\t\t\t<div class=\"elementor-column elementor-col-50 elementor-top-column elementor-element elementor-element-a42e482\" data-id=\"a42e482\" data-element_type=\"column\" data-e-type=\"column\">\n\t\t\t<div class=\"elementor-widget-wrap elementor-element-populated\">\n\t\t\t\t\t\t\t<\/div>\n\t\t<\/div>\n\t\t\t\t<div class=\"elementor-column elementor-col-50 elementor-top-column elementor-element elementor-element-15db449\" data-id=\"15db449\" data-element_type=\"column\" data-e-type=\"column\">\n\t\t\t<div class=\"elementor-widget-wrap elementor-element-populated\">\n\t\t\t\t\t\t<div class=\"elementor-element elementor-element-f742824 elementor-widget elementor-widget-heading\" data-id=\"f742824\" data-element_type=\"widget\" data-e-type=\"widget\" data-widget_type=\"heading.default\">\n\t\t\t\t<div class=\"elementor-widget-container\">\n\t\t\t\t\t<h3 class=\"elementor-heading-title elementor-size-large\">Arreglos especiales<\/h3>\t\t\t\t<\/div>\n\t\t\t\t<\/div>\n\t\t\t\t<div class=\"elementor-element elementor-element-a289f5c elementor-widget elementor-widget-text-editor\" data-id=\"a289f5c\" data-element_type=\"widget\" data-e-type=\"widget\" data-widget_type=\"text-editor.default\">\n\t\t\t\t<div class=\"elementor-widget-container\">\n\t\t\t\t\t\t\t\t\t<p>Preservamos el tiempo con nuestro servicio de reparaci\u00f3n de relojes. Restauramos tus relojes antiguos con cuidado y precisi\u00f3n, y arreglamos relojes de pared, sobremesa, pulsera y deportivos. \u00a1Devolvemos el ritmo a tus relojes y a tu vida con nuestra experiencia y habilidades!<\/p><p>Para reparar un reloj, es necesario desmontarlo cuidadosamente y examinar cada pieza individual para identificar cualquier problema. A continuaci\u00f3n, se realiza una limpieza exhaustiva para asegurarse de que todas las piezas est\u00e9n libres de polvo y suciedad que puedan afectar su funcionamiento.<\/p><p>Una vez completada la limpieza, se reensambla el reloj y se realiza una prueba exhaustiva para asegurarse de que funcione correctamente. En caso de que haya alg\u00fan problema, se identifica y se corrige de manera eficiente para asegurar que el reloj funcione de manera precisa una vez m\u00e1s.<\/p><p>Nos mantenemos actualizados con las \u00faltimas t\u00e9cnicas y herramientas utilizadas en la reparaci\u00f3n de relojes, ya que los avances tecnol\u00f3gicos pueden hacer que ciertas t\u00e9cnicas antiguas ya no sean eficaces.<\/p><p>\u00a0<\/p>\t\t\t\t\t\t\t\t<\/div>\n\t\t\t\t<\/div>\n\t\t\t\t\t<\/div>\n\t\t<\/div>\n\t\t\t\t\t<\/div>\n\t\t<\/section>\n\t\t\t\t<section class=\"elementor-section elementor-top-section elementor-element elementor-element-0a7afb6 elementor-section-boxed elementor-section-height-default elementor-section-height-default\" data-id=\"0a7afb6\" data-element_type=\"section\" data-e-type=\"section\">\n\t\t\t\t\t\t<div class=\"elementor-container elementor-column-gap-default\">\n\t\t\t\t\t<div class=\"elementor-column elementor-col-100 elementor-top-column elementor-element elementor-element-4fb5c85\" data-id=\"4fb5c85\" data-element_type=\"column\" data-e-type=\"column\">\n\t\t\t<div class=\"elementor-widget-wrap elementor-element-populated\">\n\t\t\t\t\t\t<div class=\"elementor-element elementor-element-40da1d3 elementor-widget elementor-widget-spacer\" data-id=\"40da1d3\" data-element_type=\"widget\" data-e-type=\"widget\" data-widget_type=\"spacer.default\">\n\t\t\t\t<div class=\"elementor-widget-container\">\n\t\t\t\t\t\t\t<div class=\"elementor-spacer\">\n\t\t\t<div class=\"elementor-spacer-inner\"><\/div>\n\t\t<\/div>\n\t\t\t\t\t\t<\/div>\n\t\t\t\t<\/div>\n\t\t\t\t\t<\/div>\n\t\t<\/div>\n\t\t\t\t\t<\/div>\n\t\t<\/section>\n\t\t\t\t<\/div>\n\t\t","protected":false},"excerpt":{"rendered":"<p>Arreglos especiales Preservamos el tiempo con nuestro servicio de reparaci\u00f3n de relojes. Restauramos tus relojes antiguos con cuidado y precisi\u00f3n, y arreglamos relojes de pared, sobremesa, pulsera y deportivos. \u00a1Devolvemos el ritmo a tus relojes y a tu vida con nuestra experiencia y habilidades! Para reparar un reloj, es necesario desmontarlo cuidadosamente y examinar cada [&hellip;]<\/p>\n","protected":false},"author":1,"featured_media":0,"parent":0,"menu_order":0,"comment_status":"closed","ping_status":"closed","template":"","meta":{"_monsterinsights_skip_tracking":false,"_monsterinsights_sitenote_active":false,"_monsterinsights_sitenote_note":"","_monsterinsights_sitenote_category":0,"site-sidebar-layout":"no-sidebar","site-content-layout":"page-builder","ast-site-content-layout":"default","site-content-style":"default","site-sidebar-style":"default","ast-global-header-display":"","ast-banner-title-visibility":"","ast-main-header-display":"","ast-hfb-above-header-display":"","ast-hfb-below-header-display":"","ast-hfb-mobile-header-display":"","site-post-title":"disabled","ast-breadcrumbs-content":"","ast-featured-img":"disabled","footer-sml-layout":"","ast-disable-related-posts":"","theme-transparent-header-meta":"default","adv-header-id-meta":"","stick-header-meta":"","header-above-stick-meta":"","header-main-stick-meta":"","header-below-stick-meta":"","astra-migrate-meta-layouts":"default","ast-page-background-enabled":"default","ast-page-background-meta":{"desktop":{"background-color":"","background-image":"","background-repeat":"repeat","background-position":"center center","background-size":"auto","background-attachment":"scroll","background-type":"","background-media":"","overlay-type":"","overlay-color":"","overlay-opacity":"","overlay-gradient":""},"tablet":{"background-color":"","background-image":"","background-repeat":"repeat","background-position":"center center","background-size":"auto","background-attachment":"scroll","background-type":"","background-media":"","overlay-type":"","overlay-color":"","overlay-opacity":"","overlay-gradient":""},"mobile":{"background-color":"","background-image":"","background-repeat":"repeat","background-position":"center center","background-size":"auto","background-attachment":"scroll","background-type":"","background-media":"","overlay-type":"","overlay-color":"","overlay-opacity":"","overlay-gradient":""}},"ast-content-background-meta":{"desktop":{"background-color":"var(--ast-global-color-5)","background-image":"","background-repeat":"repeat","background-position":"center center","background-size":"auto","background-attachment":"scroll","background-type":"","background-media":"","overlay-type":"","overlay-color":"","overlay-opacity":"","overlay-gradient":""},"tablet":{"background-color":"var(--ast-global-color-5)","background-image":"","background-repeat":"repeat","background-position":"center center","background-size":"auto","background-attachment":"scroll","background-type":"","background-media":"","overlay-type":"","overlay-color":"","overlay-opacity":"","overlay-gradient":""},"mobile":{"background-color":"var(--ast-global-color-5)","background-image":"","background-repeat":"repeat","background-position":"center center","background-size":"auto","background-attachment":"scroll","background-type":"","background-media":"","overlay-type":"","overlay-color":"","overlay-opacity":"","overlay-gradient":""}},"footnotes":""},"class_list":["post-195","page","type-page","status-publish","hentry"],"yoast_head":"<!-- This site is optimized with the Yoast SEO plugin v27.4 - https:\/\/yoast.com\/product\/yoast-seo-wordpress\/ -->\n<title>Arreglos especiales -<\/title>\n<meta name=\"robots\" content=\"index, follow, max-snippet:-1, max-image-preview:large, max-video-preview:-1\" \/>\n<link rel=\"canonical\" href=\"https:\/\/www.joyeriaolaz.es\/?page_id=195\" \/>\n<meta property=\"og:locale\" content=\"es_ES\" \/>\n<meta property=\"og:type\" content=\"article\" \/>\n<meta property=\"og:title\" content=\"Arreglos especiales -\" \/>\n<meta property=\"og:description\" content=\"Arreglos especiales Preservamos el tiempo con nuestro servicio de reparaci\u00f3n de relojes. Restauramos tus relojes antiguos con cuidado y precisi\u00f3n, y arreglamos relojes de pared, sobremesa, pulsera y deportivos. \u00a1Devolvemos el ritmo a tus relojes y a tu vida con nuestra experiencia y habilidades! Para reparar un reloj, es necesario desmontarlo cuidadosamente y examinar cada [&hellip;]\" \/>\n<meta property=\"og:url\" content=\"https:\/\/www.joyeriaolaz.es\/?page_id=195\" \/>\n<meta property=\"article:modified_time\" content=\"2023-08-27T19:47:46+00:00\" \/>\n<meta name=\"twitter:card\" content=\"summary_large_image\" \/>\n<meta name=\"twitter:label1\" content=\"Tiempo de lectura\" \/>\n\t<meta name=\"twitter:data1\" content=\"1 minuto\" \/>\n<script type=\"application\/ld+json\" class=\"yoast-schema-graph\">{\"@context\":\"https:\\\/\\\/schema.org\",\"@graph\":[{\"@type\":\"WebPage\",\"@id\":\"https:\\\/\\\/www.joyeriaolaz.es\\\/?page_id=195\",\"url\":\"https:\\\/\\\/www.joyeriaolaz.es\\\/?page_id=195\",\"name\":\"Arreglos especiales -\",\"isPartOf\":{\"@id\":\"https:\\\/\\\/www.joyeriaolaz.es\\\/#website\"},\"datePublished\":\"2020-06-20T13:25:55+00:00\",\"dateModified\":\"2023-08-27T19:47:46+00:00\",\"breadcrumb\":{\"@id\":\"https:\\\/\\\/www.joyeriaolaz.es\\\/?page_id=195#breadcrumb\"},\"inLanguage\":\"es\",\"potentialAction\":[{\"@type\":\"ReadAction\",\"target\":[\"https:\\\/\\\/www.joyeriaolaz.es\\\/?page_id=195\"]}]},{\"@type\":\"BreadcrumbList\",\"@id\":\"https:\\\/\\\/www.joyeriaolaz.es\\\/?page_id=195#breadcrumb\",\"itemListElement\":[{\"@type\":\"ListItem\",\"position\":1,\"name\":\"Portada\",\"item\":\"https:\\\/\\\/www.joyeriaolaz.es\\\/\"},{\"@type\":\"ListItem\",\"position\":2,\"name\":\"Arreglos especiales\"}]},{\"@type\":\"WebSite\",\"@id\":\"https:\\\/\\\/www.joyeriaolaz.es\\\/#website\",\"url\":\"https:\\\/\\\/www.joyeriaolaz.es\\\/\",\"name\":\"\",\"description\":\"\",\"potentialAction\":[{\"@type\":\"SearchAction\",\"target\":{\"@type\":\"EntryPoint\",\"urlTemplate\":\"https:\\\/\\\/www.joyeriaolaz.es\\\/?s={search_term_string}\"},\"query-input\":{\"@type\":\"PropertyValueSpecification\",\"valueRequired\":true,\"valueName\":\"search_term_string\"}}],\"inLanguage\":\"es\"}]}<\/script>\n<!-- \/ Yoast SEO plugin. -->","yoast_head_json":{"title":"Arreglos especiales -","robots":{"index":"index","follow":"follow","max-snippet":"max-snippet:-1","max-image-preview":"max-image-preview:large","max-video-preview":"max-video-preview:-1"},"canonical":"https:\/\/www.joyeriaolaz.es\/?page_id=195","og_locale":"es_ES","og_type":"article","og_title":"Arreglos especiales -","og_description":"Arreglos especiales Preservamos el tiempo con nuestro servicio de reparaci\u00f3n de relojes. Restauramos tus relojes antiguos con cuidado y precisi\u00f3n, y arreglamos relojes de pared, sobremesa, pulsera y deportivos. \u00a1Devolvemos el ritmo a tus relojes y a tu vida con nuestra experiencia y habilidades! Para reparar un reloj, es necesario desmontarlo cuidadosamente y examinar cada [&hellip;]","og_url":"https:\/\/www.joyeriaolaz.es\/?page_id=195","article_modified_time":"2023-08-27T19:47:46+00:00","twitter_card":"summary_large_image","twitter_misc":{"Tiempo de lectura":"1 minuto"},"schema":{"@context":"https:\/\/schema.org","@graph":[{"@type":"WebPage","@id":"https:\/\/www.joyeriaolaz.es\/?page_id=195","url":"https:\/\/www.joyeriaolaz.es\/?page_id=195","name":"Arreglos especiales -","isPartOf":{"@id":"https:\/\/www.joyeriaolaz.es\/#website"},"datePublished":"2020-06-20T13:25:55+00:00","dateModified":"2023-08-27T19:47:46+00:00","breadcrumb":{"@id":"https:\/\/www.joyeriaolaz.es\/?page_id=195#breadcrumb"},"inLanguage":"es","potentialAction":[{"@type":"ReadAction","target":["https:\/\/www.joyeriaolaz.es\/?page_id=195"]}]},{"@type":"BreadcrumbList","@id":"https:\/\/www.joyeriaolaz.es\/?page_id=195#breadcrumb","itemListElement":[{"@type":"ListItem","position":1,"name":"Portada","item":"https:\/\/www.joyeriaolaz.es\/"},{"@type":"ListItem","position":2,"name":"Arreglos especiales"}]},{"@type":"WebSite","@id":"https:\/\/www.joyeriaolaz.es\/#website","url":"https:\/\/www.joyeriaolaz.es\/","name":"","description":"","potentialAction":[{"@type":"SearchAction","target":{"@type":"EntryPoint","urlTemplate":"https:\/\/www.joyeriaolaz.es\/?s={search_term_string}"},"query-input":{"@type":"PropertyValueSpecification","valueRequired":true,"valueName":"search_term_string"}}],"inLanguage":"es"}]}},"_links":{"self":[{"href":"https:\/\/www.joyeriaolaz.es\/index.php?rest_route=\/wp\/v2\/pages\/195","targetHints":{"allow":["GET"]}}],"collection":[{"href":"https:\/\/www.joyeriaolaz.es\/index.php?rest_route=\/wp\/v2\/pages"}],"about":[{"href":"https:\/\/www.joyeriaolaz.es\/index.php?rest_route=\/wp\/v2\/types\/page"}],"author":[{"embeddable":true,"href":"https:\/\/www.joyeriaolaz.es\/index.php?rest_route=\/wp\/v2\/users\/1"}],"replies":[{"embeddable":true,"href":"https:\/\/www.joyeriaolaz.es\/index.php?rest_route=%2Fwp%2Fv2%2Fcomments&post=195"}],"version-history":[{"count":32,"href":"https:\/\/www.joyeriaolaz.es\/index.php?rest_route=\/wp\/v2\/pages\/195\/revisions"}],"predecessor-version":[{"id":1584,"href":"https:\/\/www.joyeriaolaz.es\/index.php?rest_route=\/wp\/v2\/pages\/195\/revisions\/1584"}],"wp:attachment":[{"href":"https:\/\/www.joyeriaolaz.es\/index.php?rest_route=%2Fwp%2Fv2%2Fmedia&parent=195"}],"curies":[{"name":"wp","href":"https:\/\/api.w.org\/{rel}","templated":true}]}}