{"id":1619,"date":"2024-10-17T17:57:51","date_gmt":"2024-10-17T17:57:51","guid":{"rendered":"https:\/\/www.joyeriaolaz.es\/?page_id=1619"},"modified":"2025-04-10T12:42:32","modified_gmt":"2025-04-10T12:42:32","slug":"taller","status":"publish","type":"page","link":"https:\/\/www.joyeriaolaz.es\/?page_id=1619","title":{"rendered":"Taller"},"content":{"rendered":"\t\t<div data-elementor-type=\"wp-page\" data-elementor-id=\"1619\" class=\"elementor elementor-1619\">\n\t\t\t\t\t\t<section class=\"elementor-section elementor-top-section elementor-element elementor-element-a6e016b elementor-section-content-middle elementor-section-full_width elementor-section-height-default elementor-section-height-default\" data-id=\"a6e016b\" data-element_type=\"section\" data-e-type=\"section\" data-settings=\"{&quot;background_background&quot;:&quot;slideshow&quot;,&quot;background_slideshow_gallery&quot;:[],&quot;background_slideshow_loop&quot;:&quot;yes&quot;,&quot;background_slideshow_slide_duration&quot;:5000,&quot;background_slideshow_slide_transition&quot;:&quot;fade&quot;,&quot;background_slideshow_transition_duration&quot;:500}\">\n\t\t\t\t\t\t<div class=\"elementor-container elementor-column-gap-no\">\n\t\t\t\t\t<div class=\"elementor-column elementor-col-100 elementor-top-column elementor-element elementor-element-0049bd2\" data-id=\"0049bd2\" data-element_type=\"column\" data-e-type=\"column\">\n\t\t\t<div class=\"elementor-widget-wrap elementor-element-populated\">\n\t\t\t\t\t\t<div class=\"elementor-element elementor-element-385b4d3 elementor-widget elementor-widget-spacer\" data-id=\"385b4d3\" data-element_type=\"widget\" data-e-type=\"widget\" data-widget_type=\"spacer.default\">\n\t\t\t\t<div class=\"elementor-widget-container\">\n\t\t\t\t\t\t\t<div class=\"elementor-spacer\">\n\t\t\t<div class=\"elementor-spacer-inner\"><\/div>\n\t\t<\/div>\n\t\t\t\t\t\t<\/div>\n\t\t\t\t<\/div>\n\t\t\t\t<div class=\"elementor-element elementor-element-fcb1f38 elementor-widget elementor-widget-heading\" data-id=\"fcb1f38\" data-element_type=\"widget\" data-e-type=\"widget\" data-settings=\"{&quot;_animation&quot;:&quot;none&quot;}\" data-widget_type=\"heading.default\">\n\t\t\t\t<div class=\"elementor-widget-container\">\n\t\t\t\t\t<h1 class=\"elementor-heading-title elementor-size-default\">Nuestro taller artesanal<\/h1>\t\t\t\t<\/div>\n\t\t\t\t<\/div>\n\t\t\t\t<div class=\"elementor-element elementor-element-6967f75 elementor-widget elementor-widget-spacer\" data-id=\"6967f75\" data-element_type=\"widget\" data-e-type=\"widget\" data-widget_type=\"spacer.default\">\n\t\t\t\t<div class=\"elementor-widget-container\">\n\t\t\t\t\t\t\t<div class=\"elementor-spacer\">\n\t\t\t<div class=\"elementor-spacer-inner\"><\/div>\n\t\t<\/div>\n\t\t\t\t\t\t<\/div>\n\t\t\t\t<\/div>\n\t\t\t\t\t<\/div>\n\t\t<\/div>\n\t\t\t\t\t<\/div>\n\t\t<\/section>\n\t\t\t\t<section class=\"elementor-section elementor-top-section elementor-element elementor-element-0500471 elementor-section-boxed elementor-section-height-default elementor-section-height-default\" data-id=\"0500471\" data-element_type=\"section\" data-e-type=\"section\">\n\t\t\t\t\t\t<div class=\"elementor-container elementor-column-gap-default\">\n\t\t\t\t\t<div class=\"elementor-column elementor-col-50 elementor-top-column elementor-element elementor-element-de65c7b\" data-id=\"de65c7b\" data-element_type=\"column\" data-e-type=\"column\">\n\t\t\t<div class=\"elementor-widget-wrap elementor-element-populated\">\n\t\t\t\t\t\t<div class=\"elementor-element elementor-element-523abe5 elementor-widget elementor-widget-text-editor\" data-id=\"523abe5\" data-element_type=\"widget\" data-e-type=\"widget\" data-widget_type=\"text-editor.default\">\n\t\t\t\t<div class=\"elementor-widget-container\">\n\t\t\t\t\t\t\t\t\t<p>Bienvenido al coraz\u00f3n creativo de nuestra joyer\u00eda. Aqu\u00ed es donde cada pieza cobra vida, forjada a mano con dedicaci\u00f3n y pasi\u00f3n por los detalles. En nuestro taller, combinamos t\u00e9cnicas tradicionales con enfoques contempor\u00e1neos, garantizando que cada joya no solo sea un accesorio, sino una pieza \u00fanica.<\/p>\n<p>Cada etapa del proceso, desde la selecci\u00f3n de materiales hasta el acabado final, lo realiza cuidadosamente Juan, nuestro artesano de confianza, quien infunde en cada creaci\u00f3n su experiencia en la artesan\u00eda. Este espacio es m\u00e1s que un lugar de trabajo, es donde la inspiraci\u00f3n se convierte en realidad, donde transformamos ideas en joyas que cuentan una historia.<\/p>\t\t\t\t\t\t\t\t<\/div>\n\t\t\t\t<\/div>\n\t\t\t\t\t<\/div>\n\t\t<\/div>\n\t\t\t\t<div class=\"elementor-column elementor-col-50 elementor-top-column elementor-element elementor-element-a9b56de\" data-id=\"a9b56de\" data-element_type=\"column\" data-e-type=\"column\">\n\t\t\t<div class=\"elementor-widget-wrap elementor-element-populated\">\n\t\t\t\t\t\t<div class=\"elementor-element elementor-element-c241d6f elementor-widget elementor-widget-video\" data-id=\"c241d6f\" data-element_type=\"widget\" data-e-type=\"widget\" data-settings=\"{&quot;video_type&quot;:&quot;hosted&quot;,&quot;controls&quot;:&quot;yes&quot;}\" data-widget_type=\"video.default\">\n\t\t\t\t<div class=\"elementor-widget-container\">\n\t\t\t\t\t\t\t<div class=\"e-hosted-video elementor-wrapper elementor-open-inline\">\n\t\t\t\t\t<video class=\"elementor-video\" src=\"https:\/\/www.joyeriaolaz.es\/wp-content\/uploads\/2024\/11\/document_5861467183112000959.mp4\" controls=\"\" preload=\"metadata\" controlsList=\"nodownload\"><\/video>\n\t\t\t\t<\/div>\n\t\t\t\t\t\t<\/div>\n\t\t\t\t<\/div>\n\t\t\t\t\t<\/div>\n\t\t<\/div>\n\t\t\t\t\t<\/div>\n\t\t<\/section>\n\t\t\t\t<section class=\"elementor-section elementor-top-section elementor-element elementor-element-fd33ba5 elementor-section-boxed elementor-section-height-default elementor-section-height-default\" data-id=\"fd33ba5\" data-element_type=\"section\" data-e-type=\"section\">\n\t\t\t\t\t\t<div class=\"elementor-container elementor-column-gap-default\">\n\t\t\t\t\t<div class=\"elementor-column elementor-col-100 elementor-top-column elementor-element elementor-element-0dd44bc\" data-id=\"0dd44bc\" data-element_type=\"column\" data-e-type=\"column\">\n\t\t\t<div class=\"elementor-widget-wrap elementor-element-populated\">\n\t\t\t\t\t\t<div class=\"elementor-element elementor-element-1756645 elementor-widget elementor-widget-spacer\" data-id=\"1756645\" data-element_type=\"widget\" data-e-type=\"widget\" data-widget_type=\"spacer.default\">\n\t\t\t\t<div class=\"elementor-widget-container\">\n\t\t\t\t\t\t\t<div class=\"elementor-spacer\">\n\t\t\t<div class=\"elementor-spacer-inner\"><\/div>\n\t\t<\/div>\n\t\t\t\t\t\t<\/div>\n\t\t\t\t<\/div>\n\t\t\t\t\t<\/div>\n\t\t<\/div>\n\t\t\t\t\t<\/div>\n\t\t<\/section>\n\t\t\t\t<\/div>\n\t\t","protected":false},"excerpt":{"rendered":"<p>Nuestro taller artesanal Bienvenido al coraz\u00f3n creativo de nuestra joyer\u00eda. Aqu\u00ed es donde cada pieza cobra vida, forjada a mano con dedicaci\u00f3n y pasi\u00f3n por los detalles. En nuestro taller, combinamos t\u00e9cnicas tradicionales con enfoques contempor\u00e1neos, garantizando que cada joya no solo sea un accesorio, sino una pieza \u00fanica. Cada etapa del proceso, desde la [&hellip;]<\/p>\n","protected":false},"author":1,"featured_media":1633,"parent":0,"menu_order":0,"comment_status":"closed","ping_status":"closed","template":"","meta":{"_monsterinsights_skip_tracking":false,"_monsterinsights_sitenote_active":false,"_monsterinsights_sitenote_note":"","_monsterinsights_sitenote_category":0,"site-sidebar-layout":"no-sidebar","site-content-layout":"page-builder","ast-site-content-layout":"full-width-container","site-content-style":"default","site-sidebar-style":"default","ast-global-header-display":"","ast-banner-title-visibility":"","ast-main-header-display":"","ast-hfb-above-header-display":"","ast-hfb-below-header-display":"","ast-hfb-mobile-header-display":"","site-post-title":"disabled","ast-breadcrumbs-content":"","ast-featured-img":"disabled","footer-sml-layout":"","ast-disable-related-posts":"","theme-transparent-header-meta":"","adv-header-id-meta":"","stick-header-meta":"","header-above-stick-meta":"","header-main-stick-meta":"","header-below-stick-meta":"","astra-migrate-meta-layouts":"set","ast-page-background-enabled":"default","ast-page-background-meta":{"desktop":{"background-color":"","background-image":"","background-repeat":"repeat","background-position":"center center","background-size":"auto","background-attachment":"scroll","background-type":"","background-media":"","overlay-type":"","overlay-color":"","overlay-opacity":"","overlay-gradient":""},"tablet":{"background-color":"","background-image":"","background-repeat":"repeat","background-position":"center center","background-size":"auto","background-attachment":"scroll","background-type":"","background-media":"","overlay-type":"","overlay-color":"","overlay-opacity":"","overlay-gradient":""},"mobile":{"background-color":"","background-image":"","background-repeat":"repeat","background-position":"center center","background-size":"auto","background-attachment":"scroll","background-type":"","background-media":"","overlay-type":"","overlay-color":"","overlay-opacity":"","overlay-gradient":""}},"ast-content-background-meta":{"desktop":{"background-color":"var(--ast-global-color-5)","background-image":"","background-repeat":"repeat","background-position":"center center","background-size":"auto","background-attachment":"scroll","background-type":"","background-media":"","overlay-type":"","overlay-color":"","overlay-opacity":"","overlay-gradient":""},"tablet":{"background-color":"var(--ast-global-color-5)","background-image":"","background-repeat":"repeat","background-position":"center center","background-size":"auto","background-attachment":"scroll","background-type":"","background-media":"","overlay-type":"","overlay-color":"","overlay-opacity":"","overlay-gradient":""},"mobile":{"background-color":"var(--ast-global-color-5)","background-image":"","background-repeat":"repeat","background-position":"center center","background-size":"auto","background-attachment":"scroll","background-type":"","background-media":"","overlay-type":"","overlay-color":"","overlay-opacity":"","overlay-gradient":""}},"footnotes":""},"class_list":["post-1619","page","type-page","status-publish","has-post-thumbnail","hentry"],"yoast_head":"<!-- This site is optimized with the Yoast SEO plugin v27.4 - https:\/\/yoast.com\/product\/yoast-seo-wordpress\/ -->\n<title>Taller -<\/title>\n<meta name=\"description\" content=\"Entra a conocer nuestro taller artesanal de la mano de Juan Fuertes, nuestro especialista de confianza a lo largo de los a\u00f1os.\" \/>\n<meta name=\"robots\" content=\"index, follow, max-snippet:-1, max-image-preview:large, max-video-preview:-1\" \/>\n<link rel=\"canonical\" href=\"https:\/\/www.joyeriaolaz.es\/?page_id=1619\" \/>\n<meta property=\"og:locale\" content=\"es_ES\" \/>\n<meta property=\"og:type\" content=\"article\" \/>\n<meta property=\"og:title\" content=\"Taller -\" \/>\n<meta property=\"og:description\" content=\"Entra a conocer nuestro taller artesanal de la mano de Juan Fuertes, nuestro especialista de confianza a lo largo de los a\u00f1os.\" \/>\n<meta property=\"og:url\" content=\"https:\/\/www.joyeriaolaz.es\/?page_id=1619\" \/>\n<meta property=\"article:modified_time\" content=\"2025-04-10T12:42:32+00:00\" \/>\n<meta property=\"og:image\" content=\"https:\/\/www.joyeriaolaz.es\/wp-content\/uploads\/2024\/10\/photo_5801063815784285656_y.jpg\" \/>\n\t<meta property=\"og:image:width\" content=\"1280\" \/>\n\t<meta property=\"og:image:height\" content=\"960\" \/>\n\t<meta property=\"og:image:type\" content=\"image\/jpeg\" \/>\n<meta name=\"twitter:card\" content=\"summary_large_image\" \/>\n<meta name=\"twitter:label1\" content=\"Tiempo de lectura\" \/>\n\t<meta name=\"twitter:data1\" content=\"1 minuto\" \/>\n<script type=\"application\/ld+json\" class=\"yoast-schema-graph\">{\"@context\":\"https:\\\/\\\/schema.org\",\"@graph\":[{\"@type\":\"WebPage\",\"@id\":\"https:\\\/\\\/www.joyeriaolaz.es\\\/?page_id=1619\",\"url\":\"https:\\\/\\\/www.joyeriaolaz.es\\\/?page_id=1619\",\"name\":\"Taller -\",\"isPartOf\":{\"@id\":\"https:\\\/\\\/www.joyeriaolaz.es\\\/#website\"},\"primaryImageOfPage\":{\"@id\":\"https:\\\/\\\/www.joyeriaolaz.es\\\/?page_id=1619#primaryimage\"},\"image\":{\"@id\":\"https:\\\/\\\/www.joyeriaolaz.es\\\/?page_id=1619#primaryimage\"},\"thumbnailUrl\":\"https:\\\/\\\/www.joyeriaolaz.es\\\/wp-content\\\/uploads\\\/2024\\\/10\\\/photo_5801063815784285656_y.jpg\",\"datePublished\":\"2024-10-17T17:57:51+00:00\",\"dateModified\":\"2025-04-10T12:42:32+00:00\",\"description\":\"Entra a conocer nuestro taller artesanal de la mano de Juan Fuertes, nuestro especialista de confianza a lo largo de los a\u00f1os.\",\"breadcrumb\":{\"@id\":\"https:\\\/\\\/www.joyeriaolaz.es\\\/?page_id=1619#breadcrumb\"},\"inLanguage\":\"es\",\"potentialAction\":[{\"@type\":\"ReadAction\",\"target\":[\"https:\\\/\\\/www.joyeriaolaz.es\\\/?page_id=1619\"]}]},{\"@type\":\"ImageObject\",\"inLanguage\":\"es\",\"@id\":\"https:\\\/\\\/www.joyeriaolaz.es\\\/?page_id=1619#primaryimage\",\"url\":\"https:\\\/\\\/www.joyeriaolaz.es\\\/wp-content\\\/uploads\\\/2024\\\/10\\\/photo_5801063815784285656_y.jpg\",\"contentUrl\":\"https:\\\/\\\/www.joyeriaolaz.es\\\/wp-content\\\/uploads\\\/2024\\\/10\\\/photo_5801063815784285656_y.jpg\",\"width\":1280,\"height\":960,\"caption\":\"Taller\"},{\"@type\":\"BreadcrumbList\",\"@id\":\"https:\\\/\\\/www.joyeriaolaz.es\\\/?page_id=1619#breadcrumb\",\"itemListElement\":[{\"@type\":\"ListItem\",\"position\":1,\"name\":\"Portada\",\"item\":\"https:\\\/\\\/www.joyeriaolaz.es\\\/\"},{\"@type\":\"ListItem\",\"position\":2,\"name\":\"Taller\"}]},{\"@type\":\"WebSite\",\"@id\":\"https:\\\/\\\/www.joyeriaolaz.es\\\/#website\",\"url\":\"https:\\\/\\\/www.joyeriaolaz.es\\\/\",\"name\":\"\",\"description\":\"\",\"potentialAction\":[{\"@type\":\"SearchAction\",\"target\":{\"@type\":\"EntryPoint\",\"urlTemplate\":\"https:\\\/\\\/www.joyeriaolaz.es\\\/?s={search_term_string}\"},\"query-input\":{\"@type\":\"PropertyValueSpecification\",\"valueRequired\":true,\"valueName\":\"search_term_string\"}}],\"inLanguage\":\"es\"}]}<\/script>\n<!-- \/ Yoast SEO plugin. -->","yoast_head_json":{"title":"Taller -","description":"Entra a conocer nuestro taller artesanal de la mano de Juan Fuertes, nuestro especialista de confianza a lo largo de los a\u00f1os.","robots":{"index":"index","follow":"follow","max-snippet":"max-snippet:-1","max-image-preview":"max-image-preview:large","max-video-preview":"max-video-preview:-1"},"canonical":"https:\/\/www.joyeriaolaz.es\/?page_id=1619","og_locale":"es_ES","og_type":"article","og_title":"Taller -","og_description":"Entra a conocer nuestro taller artesanal de la mano de Juan Fuertes, nuestro especialista de confianza a lo largo de los a\u00f1os.","og_url":"https:\/\/www.joyeriaolaz.es\/?page_id=1619","article_modified_time":"2025-04-10T12:42:32+00:00","og_image":[{"width":1280,"height":960,"url":"https:\/\/www.joyeriaolaz.es\/wp-content\/uploads\/2024\/10\/photo_5801063815784285656_y.jpg","type":"image\/jpeg"}],"twitter_card":"summary_large_image","twitter_misc":{"Tiempo de lectura":"1 minuto"},"schema":{"@context":"https:\/\/schema.org","@graph":[{"@type":"WebPage","@id":"https:\/\/www.joyeriaolaz.es\/?page_id=1619","url":"https:\/\/www.joyeriaolaz.es\/?page_id=1619","name":"Taller -","isPartOf":{"@id":"https:\/\/www.joyeriaolaz.es\/#website"},"primaryImageOfPage":{"@id":"https:\/\/www.joyeriaolaz.es\/?page_id=1619#primaryimage"},"image":{"@id":"https:\/\/www.joyeriaolaz.es\/?page_id=1619#primaryimage"},"thumbnailUrl":"https:\/\/www.joyeriaolaz.es\/wp-content\/uploads\/2024\/10\/photo_5801063815784285656_y.jpg","datePublished":"2024-10-17T17:57:51+00:00","dateModified":"2025-04-10T12:42:32+00:00","description":"Entra a conocer nuestro taller artesanal de la mano de Juan Fuertes, nuestro especialista de confianza a lo largo de los a\u00f1os.","breadcrumb":{"@id":"https:\/\/www.joyeriaolaz.es\/?page_id=1619#breadcrumb"},"inLanguage":"es","potentialAction":[{"@type":"ReadAction","target":["https:\/\/www.joyeriaolaz.es\/?page_id=1619"]}]},{"@type":"ImageObject","inLanguage":"es","@id":"https:\/\/www.joyeriaolaz.es\/?page_id=1619#primaryimage","url":"https:\/\/www.joyeriaolaz.es\/wp-content\/uploads\/2024\/10\/photo_5801063815784285656_y.jpg","contentUrl":"https:\/\/www.joyeriaolaz.es\/wp-content\/uploads\/2024\/10\/photo_5801063815784285656_y.jpg","width":1280,"height":960,"caption":"Taller"},{"@type":"BreadcrumbList","@id":"https:\/\/www.joyeriaolaz.es\/?page_id=1619#breadcrumb","itemListElement":[{"@type":"ListItem","position":1,"name":"Portada","item":"https:\/\/www.joyeriaolaz.es\/"},{"@type":"ListItem","position":2,"name":"Taller"}]},{"@type":"WebSite","@id":"https:\/\/www.joyeriaolaz.es\/#website","url":"https:\/\/www.joyeriaolaz.es\/","name":"","description":"","potentialAction":[{"@type":"SearchAction","target":{"@type":"EntryPoint","urlTemplate":"https:\/\/www.joyeriaolaz.es\/?s={search_term_string}"},"query-input":{"@type":"PropertyValueSpecification","valueRequired":true,"valueName":"search_term_string"}}],"inLanguage":"es"}]}},"_links":{"self":[{"href":"https:\/\/www.joyeriaolaz.es\/index.php?rest_route=\/wp\/v2\/pages\/1619","targetHints":{"allow":["GET"]}}],"collection":[{"href":"https:\/\/www.joyeriaolaz.es\/index.php?rest_route=\/wp\/v2\/pages"}],"about":[{"href":"https:\/\/www.joyeriaolaz.es\/index.php?rest_route=\/wp\/v2\/types\/page"}],"author":[{"embeddable":true,"href":"https:\/\/www.joyeriaolaz.es\/index.php?rest_route=\/wp\/v2\/users\/1"}],"replies":[{"embeddable":true,"href":"https:\/\/www.joyeriaolaz.es\/index.php?rest_route=%2Fwp%2Fv2%2Fcomments&post=1619"}],"version-history":[{"count":23,"href":"https:\/\/www.joyeriaolaz.es\/index.php?rest_route=\/wp\/v2\/pages\/1619\/revisions"}],"predecessor-version":[{"id":1662,"href":"https:\/\/www.joyeriaolaz.es\/index.php?rest_route=\/wp\/v2\/pages\/1619\/revisions\/1662"}],"wp:featuredmedia":[{"embeddable":true,"href":"https:\/\/www.joyeriaolaz.es\/index.php?rest_route=\/wp\/v2\/media\/1633"}],"wp:attachment":[{"href":"https:\/\/www.joyeriaolaz.es\/index.php?rest_route=%2Fwp%2Fv2%2Fmedia&parent=1619"}],"curies":[{"name":"wp","href":"https:\/\/api.w.org\/{rel}","templated":true}]}}